{"id":185953,"date":"2026-05-04T16:02:06","date_gmt":"2026-05-04T15:02:06","guid":{"rendered":"https:\/\/www.penzionrotunda.sk\/?page_id=185953"},"modified":"2026-05-04T16:02:06","modified_gmt":"2026-05-04T15:02:06","slug":"flagyl-genericin-vaikutusmekanismi","status":"publish","type":"page","link":"https:\/\/www.penzionrotunda.sk\/?page_id=185953","title":{"rendered":"Flagyl Genericin vaikutusmekanismi"},"content":{"rendered":"<h1>Milloin Flagyl Generic on m\u00e4\u00e4r\u00e4tty ja miten se toimii<\/h1>\n<p>Flagyl Generic on yleisesti m\u00e4\u00e4r\u00e4tty antibiootti, jota k\u00e4ytet\u00e4\u00e4n torjumaan erilaisia \u200b\u200bbakteeri-infektioita sen ainutlaatuisen vaikutusmekanismin ansiosta.<\/p>\n<h2>Flagyl Genericin yleiskatsaus<\/h2>\n<p>Flagyl Generic on laajalti k\u00e4ytetty antibiootti, joka kuuluu nitroimidatsoliantimikrobien luokkaan. Sit\u00e4 m\u00e4\u00e4r\u00e4t\u00e4\u00e4n ensisijaisesti anaerobisten bakteerien ja tiettyjen loisten aiheuttamien infektioiden hoitoon. Vaikka se on saatavana kemiallisella nimell\u00e4 metronidatsoli, termi &quot;Flagyl&quot; k\u00e4ytet\u00e4\u00e4n usein viittaamaan sek\u00e4 yleisiin ett\u00e4 tuotenimiformulaatioihin. Flagyl Genericin tehokkuus maha-suolikanavan, lis\u00e4\u00e4ntymisj\u00e4rjestelm\u00e4n, ihon ja hengityselinten infektioiden hoidossa tekee siit\u00e4 monipuolisen vaihtoehdon kliinisiss\u00e4 olosuhteissa.<\/p>\n<p>Toisin kuin jotkin antibiootit, jotka kohdistuvat monenlaisiin bakteereihin, Flagyl Generic on erityisen tehokas anaerobeja vastaan \u200b\u200b- organismeja, jotka viihtyv\u00e4t ymp\u00e4rist\u00f6iss\u00e4, joissa ei ole happea. T\u00e4m\u00e4n ominaisuuden ansiosta terveydenhuollon tarjoajat voivat kohdistaa infektioita tarkemmin, mik\u00e4 v\u00e4hent\u00e4\u00e4 riski\u00e4 h\u00e4irit\u00e4 hy\u00f6dyllisten bakteerien toimintaa elimist\u00f6ss\u00e4. Geneeristen l\u00e4\u00e4kkeiden, kuten Flagylin, kustannustehokkuuden ansiosta ne ovat laajemman potilasjoukon saatavilla.<\/p>\n<h2>Yleiset sairaudet hoidettu Flagyl Genericill\u00e4<\/h2>\n<p>Flagyl Generic -valmistetta m\u00e4\u00e4r\u00e4t\u00e4\u00e4n usein erilaisten sairauksien hoitoon, mukaan lukien bakteerivaginoosi, trikomoniaasi ja tietyt ruoansulatuskanavan infektiot, kuten amebiaasi ja giardiaasi. L\u00e4\u00e4ke on my\u00f6s tehokas Clostridium difficilen, vakavasta ripulista ja paksusuolentulehduksesta vastaavan bakteerin aiheuttamien infektioiden hoidossa, erityisesti antibioottien k\u00e4yt\u00f6n j\u00e4lkeen. Sen rooli hammasinfektioiden, kuten akuutin nekrotisoivan haavaisen ientulehduksen, hoidossa korostaa sen monipuolisuutta.<\/p>\n<p>N\u00e4iden sairauksien lis\u00e4ksi Flagyl Generic -valmistetta k\u00e4ytet\u00e4\u00e4n yhdess\u00e4 muiden l\u00e4\u00e4kkeiden kanssa poistamaan Helicobacter pylori -bakteeri, joka liittyy peptiseen haavatautiin. T\u00e4m\u00e4 yhdistelm\u00e4hoitotapa korostaa Flagylin kyky\u00e4 toimia synergistisesti muiden l\u00e4\u00e4kkeiden kanssa, mik\u00e4 parantaa sen terapeuttista tehoa. Lis\u00e4ksi Flagyl Generic -valmistetta voidaan k\u00e4ytt\u00e4\u00e4 profylaktisesti est\u00e4m\u00e4\u00e4n infektioita leikkauksen j\u00e4lkeen, erityisesti maha-suolikanavan leikkauksissa.<\/p>\n<h2>Flagyl Genericin vaikutusmekanismi<\/h2>\n<p>Flagyl Genericin toimintamekanismi eroaa monista muista antibiooteista. P\u00e4\u00e4tyess\u00e4\u00e4n bakteerisoluun metronidatsoli pelkistyy kemiallisesti bakteerientsyymien vaikutuksesta, mik\u00e4 muuttaa sen aktiiviseksi muotoksi. T\u00e4m\u00e4 aktiivinen muoto on vuorovaikutuksessa mikro-organismin DNA:n kanssa, h\u00e4iritsee sen synteesi\u00e4 ja johtaa solukuolemaan. T\u00e4m\u00e4 bakterisidinen vaikutus on erityisen tehokas anaerobisia bakteereja ja tiettyj\u00e4 alkuel\u00e4imi\u00e4 vastaan.<\/p>\n<p>T\u00e4m\u00e4n ainutlaatuisen mekanismin ansiosta Flagyl Generic tunkeutuu tehokkaasti kehon kudoksiin ja nesteisiin, mik\u00e4 tekee siit\u00e4 hy\u00f6dyllisen infektioiden hoidossa vaikeap\u00e4\u00e4syisill\u00e4 alueilla. Flagylin kyky h\u00e4irit\u00e4 DNA-synteesi\u00e4 ei vain pys\u00e4yt\u00e4 bakteerien lis\u00e4\u00e4ntymist\u00e4, vaan my\u00f6s v\u00e4hent\u00e4\u00e4 resistenssin kehittymisen todenn\u00e4k\u00f6isyytt\u00e4 verrattuna muihin antibiootteihin, jotka usein kohdistuvat bakteerien soluseiniin tai proteiinisynteesiin.<\/p>\n<h2>Flagyl Generic -tuotteen vertaaminen tuotemerkkiin<\/h2>\n<p>Ensisijainen ero Flagyl Genericin ja sen tuotemerkkien v\u00e4lill\u00e4 on kustannuksissa. Geneeriset l\u00e4\u00e4kkeet ovat tyypillisesti edullisempia, samalla kun ne s\u00e4ilytt\u00e4v\u00e4t saman vaikuttavan aineen, tehon ja turvallisuusprofiilin kuin niiden merkkiversiot. Geneerisi\u00e4 l\u00e4\u00e4kkeit\u00e4 koskevat s\u00e4\u00e4ntelystandardit varmistavat, ett\u00e4 niiden on osoitettava bioekvivalenssi, mik\u00e4 tarkoittaa, ett\u00e4 niill\u00e4 on sama terapeuttinen vaikutus kuin alkuper\u00e4isell\u00e4 patentoidulla l\u00e4\u00e4kkeell\u00e4.<\/p>\n<p>Potilaat ihmettelev\u00e4t usein, onko geneeristen l\u00e4\u00e4kkeiden ja tuotenimien v\u00e4lill\u00e4 laatueroja. S\u00e4\u00e4ntelyvirastojen asettamat tiukat ohjeet varmistavat kuitenkin, ett\u00e4 geneerisi\u00e4 l\u00e4\u00e4kkeit\u00e4 valmistetaan samojen korkeiden standardien mukaisesti kuin tuotenime\u00e4 olevat l\u00e4\u00e4kkeet. T\u00e4m\u00e4 tarkoittaa, ett\u00e4 potilaat voivat luottavaisesti k\u00e4ytt\u00e4\u00e4 Flagyl Generic -tuotetta kustannustehokkaana vaihtoehtona ja olla varma, ett\u00e4 se toimii yht\u00e4 hyvin kuin merkkituote Flagyl.<\/p>\n<h2>Flagyl Genericin annosmuodot ja vahvuudet<\/h2>\n<p>Flagyl Generic -valmistetta on saatavana useissa annosmuodoissa eri hoitotarpeiden ja potilaiden mieltymysten mukaan. N\u00e4it\u00e4 ovat oraaliset tabletit, kapselit ja nestem\u00e4iset suspensiot sek\u00e4 paikalliset geelit ja suonensis\u00e4iset formulaatiot. Formulaatioiden monipuolisuuden ansiosta terveydenhuollon tarjoajat voivat valita sopivimman antoreitin infektion vakavuuden ja sijainnin perusteella.<\/p>\n<p>Suun kautta otettavan Flagyl <a href=\"https:\/\/terveys-apteekki.com\/flagyl-generic-ilman-reseptia\">https:\/\/terveys-apteekki.com\/flagyl-generic-ilman-reseptia<\/a> Generic -valmisteen vahvuudet vaihtelevat tyypillisesti v\u00e4lill\u00e4 250 mg &#8211; 500 mg, ja annostus ja hoidon kesto vaihtelevat hoidettavan sairauden mukaan. Suurempia annoksia voidaan tarvita esimerkiksi vakavissa infektioissa, kun taas normaalihoito v\u00e4hemm\u00e4n vaikeita sairauksia varten saattaa sis\u00e4lt\u00e4\u00e4 pienemm\u00e4n p\u00e4ivitt\u00e4isen annoksen lyhyemm\u00e4ll\u00e4 ajanjaksolla. Useiden vahvuuksien ja muotojen saatavuus varmistaa, ett\u00e4 hoito voidaan r\u00e4\u00e4t\u00e4l\u00f6id\u00e4 potilaan yksil\u00f6llisten tarpeiden mukaan.<\/p>\n<h2>Kuinka ottaa Flagyl Generic -valmistetta turvallisesti<\/h2>\n<p>M\u00e4\u00e4r\u00e4ttyjen annostus- ja anto-ohjeiden asianmukainen noudattaminen on ratkaisevan t\u00e4rke\u00e4\u00e4 Flagyl Generic -valmistetta k\u00e4ytett\u00e4ess\u00e4. Potilaita kehotetaan ottamaan l\u00e4\u00e4kett\u00e4 tasaisin v\u00e4liajoin optimaalisen tason yll\u00e4pit\u00e4miseksi verenkierrossa, mik\u00e4 parantaa sen tehoa. Yleens\u00e4 suositellaan Flagylin ottamista ruoan kanssa mahdollisten maha-suolikanavan h\u00e4iri\u00f6iden minimoimiseksi.<\/p>\n<p>Potilaiden tulee suorittaa koko hoitojakso, vaikka oireet parantuisivat ennen l\u00e4\u00e4kityksen lopettamista. Antibioottihoidon varhainen lopettaminen voi johtaa infektion uusiutumiseen ja edist\u00e4\u00e4 antibioottiresistenssi\u00e4. Lis\u00e4ksi alkoholia tulee v\u00e4ltt\u00e4\u00e4 Flagyl-hoidon aikana ja v\u00e4hint\u00e4\u00e4n 48 tuntia sen j\u00e4lkeen, koska se voi aiheuttaa haittavaikutuksia, kuten pahoinvointia, oksentelua ja punoitusta.<\/p>\n<h2>Flagyl Genericin mahdolliset sivuvaikutukset<\/h2>\n<p>Kuten kaikki l\u00e4\u00e4kkeet, Flagyl Generic voi aiheuttaa haittavaikutuksia. Kaikki eiv\u00e4t kuitenkaan niit\u00e4 koke. Yleisi\u00e4 sivuvaikutuksia ovat pahoinvointi, metallin maku suussa ja liev\u00e4t ruoansulatuskanavan h\u00e4iri\u00f6t, kuten ripuli. N\u00e4m\u00e4 vaikutukset ovat yleens\u00e4 tilap\u00e4isi\u00e4 ja h\u00e4vi\u00e4v\u00e4t, kun hoitojakso on p\u00e4\u00e4ttynyt.<\/p>\n<p>Vakavampia sivuvaikutuksia, vaikkakin harvinaisia, voi esiinty\u00e4 ja ne voivat sis\u00e4lt\u00e4\u00e4 neurologisia oireita, kuten kouristuksia tai perifeerist\u00e4 neuropatiaa. Jos potilaat kokevat oireita, kuten tunnottomuutta, pistely\u00e4 tai lihasheikkoutta, heid\u00e4n tulee hakeutua v\u00e4litt\u00f6m\u00e4sti l\u00e4\u00e4k\u00e4rin hoitoon. On t\u00e4rke\u00e4\u00e4, ett\u00e4 potilaat saavat tietoa n\u00e4ist\u00e4 mahdollisista haittavaikutuksista, jotta he voivat seurata terveytt\u00e4\u00e4n ja ilmoittaa kaikista oireistaan \u200b\u200bterveydenhuollon tarjoajalleen.<\/p>\n<h2>Flagyl Genericin ja muiden l\u00e4\u00e4kkeiden v\u00e4liset vuorovaikutukset<\/h2>\n<p>Flagyl Generic voi olla vuorovaikutuksessa useiden muiden l\u00e4\u00e4kkeiden kanssa, mik\u00e4 voi muuttaa sen tehokkuutta tai lis\u00e4t\u00e4 sivuvaikutusten riski\u00e4. Se voi esimerkiksi voimistaa antikoagulanttien, kuten varfariinin, vaikutuksia, mik\u00e4 lis\u00e4\u00e4 verenvuotoriski\u00e4. N\u00e4it\u00e4 l\u00e4\u00e4kkeit\u00e4 k\u00e4ytt\u00e4vien potilaiden veren hyytymisparametreja tulee seurata tarkasti.<\/p>\n<p>Lis\u00e4ksi Flagyl voi olla vuorovaikutuksessa alkoholin kanssa, mik\u00e4 johtaa haittavaikutuksiin. Sen tiedet\u00e4\u00e4n my\u00f6s vaikuttavan tiettyjen maksan k\u00e4sittelemien l\u00e4\u00e4kkeiden aineenvaihduntaan. Siksi on eritt\u00e4in t\u00e4rke\u00e4\u00e4, ett\u00e4 potilaat paljastavat terveydenhuollon tarjoajalleen kaikki k\u00e4ytt\u00e4m\u00e4ns\u00e4 l\u00e4\u00e4kkeet, mukaan lukien reseptivapaat l\u00e4\u00e4kkeet ja lis\u00e4ravinteet mahdollisten yhteisvaikutusten v\u00e4ltt\u00e4miseksi.<\/p>\n<h2>Varotoimet ja varoitukset Flagyl-geneerin k\u00e4yt\u00f6st\u00e4<\/h2>\n<p>Tietyist\u00e4 sairauksista k\u00e4rsivien potilaiden tulee olla varovaisia \u200b\u200bk\u00e4ytt\u00e4ess\u00e4\u00e4n Flagyl Generic -valmistetta. Maksan vajaatoimintaa sairastavat saattavat tarvita annoksen muuttamista tai lis\u00e4seurantaa, koska l\u00e4\u00e4kkeen metabolia tapahtuu ensisijaisesti maksassa. Samoin potilaiden, joilla on neurologisia h\u00e4iri\u00f6it\u00e4, tulee olla tietoisia oireiden pahenemisen mahdollisuudesta.<\/p>\n<p>L\u00e4\u00e4kett\u00e4 tulee k\u00e4ytt\u00e4\u00e4 varoen henkil\u00f6ill\u00e4, joilla on ollut verisairauksia, koska se voi vaikuttaa verisolujen m\u00e4\u00e4r\u00e4\u00e4n. S\u00e4\u00e4nn\u00f6llinen seuranta ja neuvottelut terveydenhuollon tarjoajan kanssa on suositeltavaa n\u00e4iden riskien tehokkaan hallitsemiseksi. Tietoisuus n\u00e4ist\u00e4 varotoimista ja ennakoiva hallinta voi auttaa varmistamaan Flagyl Genericin turvallisen k\u00e4yt\u00f6n.<\/p>\n<h2>Flagyl Generic raskauden ja imetyksen aikana<\/h2>\n<p>Flagyl Generic -valmisteen k\u00e4ytt\u00f6\u00e4 raskauden aikana pidet\u00e4\u00e4n yleens\u00e4 turvallisena, erityisesti toisella ja kolmannella kolmanneksella. Se on kuitenkin yleens\u00e4 varattu tapauksiin, joissa \u00e4idille koituvat hy\u00f6dyt ovat suuremmat kuin mahdolliset riskit siki\u00f6lle. Raskaana olevien naisten tulee aina neuvotella terveydenhuollon tarjoajansa kanssa ennen mink\u00e4\u00e4n l\u00e4\u00e4kityksen aloittamista, mukaan lukien Flagyl.<\/p>\n<p>Flagyl erittyy \u00e4idinmaitoon, ja vaikka sit\u00e4 pidet\u00e4\u00e4n suhteellisen turvallisena imett\u00e4ville \u00e4ideille, varovaisuutta suositellaan. Jotkut terveydenhuollon tarjoajat voivat suositella annosten ajoittamista imev\u00e4isen altistumisen minimoimiseksi tai ehdottaa imetyksen v\u00e4liaikaista lopettamista, jos tarvitaan suuria annoksia. Jokainen tapaus tulee arvioida yksil\u00f6llisesti, ja terveydenhuollon tarjoajat opastavat \u00e4itej\u00e4 parhaan toimintatavan suhteen.<\/p>\n<h2>Flagyl Genericin rooli bakteeri-infektioiden hoidossa<\/h2>\n<p>Flagyl Genericill\u00e4 on ratkaiseva rooli anaerobisten bakteerien ja tiettyjen alkuel\u00e4inten aiheuttamien infektioiden hoidossa. Sen kyky tunkeutua tehokkaasti kudoksiin ja nesteisiin tekee siit\u00e4 arvokkaan ty\u00f6kalun syv\u00e4lle juurtuneiden infektioiden hoidossa, joita on muuten vaikea hallita. T\u00e4m\u00e4 sis\u00e4lt\u00e4\u00e4 vatsan, lantion ja suuontelon infektiot.<\/p>\n<p>Sen laaja k\u00e4ytt\u00f6 sek\u00e4 akuuteissa ett\u00e4 kroonisissa infektioissa korostaa sen merkityst\u00e4 bakteeri- ja alkuel\u00e4intautien arsenaalissa. Flagylin tehokkuus yhdess\u00e4 muiden antibioottien kanssa monimutkaisiin infektioihin kuvaa entisest\u00e4\u00e4n sen monipuolisuutta ja keskeist\u00e4 roolia nykyaikaisessa l\u00e4\u00e4ketieteess\u00e4.<\/p>\n<h2>Flagyl Genericin allergisten reaktioiden hallinta<\/h2>\n<p>Vaikka se on harvinaista, allergisia reaktioita Flagyl Genericille voi esiinty\u00e4. Oireet voivat vaihdella lievist\u00e4 ihottumista ja kutinasta vakavampiin reaktioihin, kuten hengitysvaikeudet tai anafylaksia. Potilaiden, joilla on merkkej\u00e4 allergisesta reaktiosta, tulee hakeutua v\u00e4litt\u00f6m\u00e4sti l\u00e4\u00e4k\u00e4rin hoitoon.<\/p>\n<p>Jos henkil\u00f6 on allerginen metronidatsolille, tulee harkita vaihtoehtoisia antibiootteja. Terveydenhuollon tarjoajat voivat tehd\u00e4 allergiatestej\u00e4 tai ehdottaa herkkyysprotokollaa, jos Flagyl katsotaan tarpeelliseksi. Tietoisuus ja nopeat toimet voivat v\u00e4hent\u00e4\u00e4 allergisiin reaktioihin liittyvi\u00e4 riskej\u00e4.<\/p>\n<h2>Kuinka Flagyl Generic eroaa muista antibiooteista<\/h2>\n<p>Flagyl Generic eroaa monista muista antibiooteista vaikutusmekanisminsa ja spesifisen kohdeprofiilinsa suhteen. Toisin kuin beetalaktaamiantibiootit, jotka kohdistuvat solusein\u00e4n synteesiin tai makrolidit, jotka est\u00e4v\u00e4t proteiinisynteesi\u00e4, Flagylin DNA-synteesin h\u00e4iri\u00f6 on ainutlaatuinen antimikrobisten aineiden joukossa. T\u00e4m\u00e4 spesifisyys mahdollistaa sen tehokkaan kohdistamisen anaerobisiin bakteereihin ja alkuel\u00e4imiin, jotka ovat resistenttej\u00e4 muille antibioottiluokille.<\/p>\n<p>Mahdollisuus k\u00e4ytt\u00e4\u00e4 Flagylia yhdess\u00e4 muiden antibioottien kanssa my\u00f6s erottaa sen muista, mik\u00e4 lis\u00e4\u00e4 sen k\u00e4ytt\u00f6kelpoisuutta sekainfektioissa, joissa esiintyy useita bakteerikantoja. T\u00e4m\u00e4 tekee siit\u00e4 korvaamattoman arvokkaan valinnan sek\u00e4 yleisl\u00e4\u00e4k\u00e4reill\u00e4 ett\u00e4 erikoisaloilla, kun k\u00e4sitell\u00e4\u00e4n tapauksia, joissa perinteiset antibiootit saattavat j\u00e4\u00e4d\u00e4 vajaaksi.<\/p>\n<h2>Flagyl Genericin potilaiden kokemukset ja arvostelut<\/h2>\n<p>Potilaiden kokemukset Flagyl Genericist\u00e4 vaihtelevat, mutta monet raportoivat tyydytt\u00e4vist\u00e4 tuloksista, kun niit\u00e4 k\u00e4ytet\u00e4\u00e4n m\u00e4\u00e4r\u00e4tyn hoito-ohjelman mukaisesti. Potilaat arvostavat usein geneeriseen versioon liittyvi\u00e4 kustannuss\u00e4\u00e4st\u00f6j\u00e4 tehokkuudesta tinkim\u00e4tt\u00e4. Jotkut raportoivat kuitenkin kokeneensa sivuvaikutuksia, erityisesti maha-suolikanavan h\u00e4iri\u00f6it\u00e4, jotka voivat vaikuttaa yleiseen tyytyv\u00e4isyyteen.<\/p>\n<p>Arvosteluissa korostetaan usein, ett\u00e4 on t\u00e4rke\u00e4\u00e4 ymm\u00e4rt\u00e4\u00e4 mahdolliset sivuvaikutukset ja seurata tarkasti l\u00e4\u00e4k\u00e4rin ohjeita niiden lievent\u00e4miseksi. Kaiken kaikkiaan potilaiden keskuudessa vallitseva yksimielisyys osoittaa, ett\u00e4 Flagyl Generic on luotettava ja tehokas hoito erilaisiin infektioihin, kun sit\u00e4 k\u00e4ytet\u00e4\u00e4n vastuullisesti.<\/p>\n<h2>Terveydenhuollon tarjoajien konsultointi Flagyl Genericist\u00e4<\/h2>\n<p>Terveydenhuollon tarjoajien kuuleminen on v\u00e4ltt\u00e4m\u00e4t\u00f6nt\u00e4 harkittaessa Flagyl Generic -valmistetta hoitovaihtoehtona. Palveluntarjoajat voivat tarjota ohjeita sopivasta annoksesta, kestosta ja mahdollisista yhteisvaikutuksista muiden l\u00e4\u00e4kkeiden kanssa. He voivat my\u00f6s tarjota henkil\u00f6kohtaista neuvontaa yksil\u00f6llisten terveystilojen ja sairaushistorian perusteella.<\/p>\n<p>Potilaita rohkaistaan \u200b\u200bkeskustelemaan kaikista Flagylia koskevista huolenaiheistaan \u200b\u200btai kysymyksist\u00e4, mukaan lukien mahdolliset sivuvaikutukset ja vuorovaikutukset. Avoin viestint\u00e4 terveydenhuollon ammattilaisten kanssa varmistaa, ett\u00e4 potilaat voivat tehd\u00e4 tietoisia p\u00e4\u00e4t\u00f6ksi\u00e4 hoitovaihtoehdoistaan, mik\u00e4 johtaa parempiin terveystuloksiin ja potilastyytyv\u00e4isyyteen.<\/p>\n","protected":false},"excerpt":{"rendered":"<p>Milloin Flagyl Generic on m\u00e4\u00e4r\u00e4tty ja miten se toimii Flagyl Generic on yleisesti m\u00e4\u00e4r\u00e4tty antibiootti, jota k\u00e4ytet\u00e4\u00e4n torjumaan erilaisia \u200b\u200bbakteeri-infektioita sen ainutlaatuisen vaikutusmekanismin ansiosta. Flagyl Genericin yleiskatsaus Flagyl Generic on laajalti k\u00e4ytetty antibiootti, joka kuuluu nitroimidatsoliantimikrobien luokkaan. Sit\u00e4 m\u00e4\u00e4r\u00e4t\u00e4\u00e4n ensisijaisesti anaerobisten bakteerien ja tiettyjen loisten aiheuttamien infektioiden hoitoon. Vaikka se on saatavana kemiallisella nimell\u00e4 metronidatsoli, [&hellip;]<\/p>\n","protected":false},"author":1,"featured_media":0,"parent":0,"menu_order":0,"comment_status":"closed","ping_status":"closed","template":"","meta":{"ngg_post_thumbnail":0},"_links":{"self":[{"href":"https:\/\/www.penzionrotunda.sk\/index.php?rest_route=\/wp\/v2\/pages\/185953"}],"collection":[{"href":"https:\/\/www.penzionrotunda.sk\/index.php?rest_route=\/wp\/v2\/pages"}],"about":[{"href":"https:\/\/www.penzionrotunda.sk\/index.php?rest_route=\/wp\/v2\/types\/page"}],"author":[{"embeddable":true,"href":"https:\/\/www.penzionrotunda.sk\/index.php?rest_route=\/wp\/v2\/users\/1"}],"replies":[{"embeddable":true,"href":"https:\/\/www.penzionrotunda.sk\/index.php?rest_route=%2Fwp%2Fv2%2Fcomments&post=185953"}],"version-history":[{"count":1,"href":"https:\/\/www.penzionrotunda.sk\/index.php?rest_route=\/wp\/v2\/pages\/185953\/revisions"}],"predecessor-version":[{"id":185955,"href":"https:\/\/www.penzionrotunda.sk\/index.php?rest_route=\/wp\/v2\/pages\/185953\/revisions\/185955"}],"wp:attachment":[{"href":"https:\/\/www.penzionrotunda.sk\/index.php?rest_route=%2Fwp%2Fv2%2Fmedia&parent=185953"}],"curies":[{"name":"wp","href":"https:\/\/api.w.org\/{rel}","templated":true}]}}