{"id":139,"date":"2012-02-25T21:17:09","date_gmt":"2012-02-25T18:17:09","guid":{"rendered":"http:\/\/www.idaco.sk\/test\/?page_id=139"},"modified":"2014-02-26T23:32:18","modified_gmt":"2014-02-26T20:32:18","slug":"cerveny-apartman","status":"publish","type":"page","link":"https:\/\/www.penzionrotunda.sk\/?page_id=139","title":{"rendered":"\u010cerven\u00fd apartm\u00e1n"},"content":{"rendered":"<p style=\"text-align: left;\"><a href=\"http:\/\/www.penzionrotunda.sk\/wp-content\/uploads\/wc.png\"><img decoding=\"async\" loading=\"lazy\" class=\"alignnone size-full wp-image-1057\" title=\"wc\" src=\"http:\/\/www.penzionrotunda.sk\/wp-content\/uploads\/wc.png\" alt=\"\" width=\"25\" height=\"25\" \/><\/a><a href=\"http:\/\/www.penzionrotunda.sk\/wp-content\/uploads\/sprcha.png\"><img decoding=\"async\" loading=\"lazy\" class=\"alignnone size-full wp-image-1048\" title=\"sprcha\" src=\"http:\/\/www.penzionrotunda.sk\/wp-content\/uploads\/sprcha.png\" alt=\"\" width=\"25\" height=\"25\" \/><\/a><a href=\"http:\/\/www.penzionrotunda.sk\/wp-content\/uploads\/sedacia-suprava.png\"><img decoding=\"async\" loading=\"lazy\" class=\"alignnone size-full wp-image-1055\" title=\"sedacia-suprava\" src=\"http:\/\/www.penzionrotunda.sk\/wp-content\/uploads\/sedacia-suprava.png\" alt=\"\" width=\"25\" height=\"25\" \/><\/a><a href=\"http:\/\/www.penzionrotunda.sk\/wp-content\/uploads\/varna-konvica.png\"><img decoding=\"async\" loading=\"lazy\" class=\"alignnone size-full wp-image-1056\" title=\"varna-konvica\" src=\"http:\/\/www.penzionrotunda.sk\/wp-content\/uploads\/varna-konvica.png\" alt=\"\" width=\"25\" height=\"25\" \/><\/a><a href=\"http:\/\/www.penzionrotunda.sk\/wp-content\/uploads\/platnicka-na-varenie.png\"><img decoding=\"async\" loading=\"lazy\" class=\"alignnone size-full wp-image-1053\" title=\"platnicka-na-varenie\" src=\"http:\/\/www.penzionrotunda.sk\/wp-content\/uploads\/platnicka-na-varenie.png\" alt=\"\" width=\"25\" height=\"25\" \/><\/a><a href=\"http:\/\/www.penzionrotunda.sk\/wp-content\/uploads\/chladnicka.png\"><img decoding=\"async\" loading=\"lazy\" class=\"alignnone size-full wp-image-1052\" title=\"chladnicka\" src=\"http:\/\/www.penzionrotunda.sk\/wp-content\/uploads\/chladnicka.png\" alt=\"\" width=\"25\" height=\"25\" \/><\/a><a href=\"http:\/\/www.penzionrotunda.sk\/wp-content\/uploads\/tv1.png\"><img decoding=\"async\" loading=\"lazy\" class=\"alignnone size-full wp-image-1018\" title=\"tv\" src=\"http:\/\/www.penzionrotunda.sk\/wp-content\/uploads\/tv1.png\" alt=\"\" width=\"25\" height=\"25\" \/><\/a><a href=\"http:\/\/www.penzionrotunda.sk\/wp-content\/uploads\/wifi.png\"><img decoding=\"async\" loading=\"lazy\" class=\"alignnone size-full wp-image-1050\" title=\"wifi\" src=\"http:\/\/www.penzionrotunda.sk\/wp-content\/uploads\/wifi.png\" alt=\"\" width=\"25\" height=\"25\" \/><\/a><\/p>\n<p style=\"text-align: left;\">\u00a0<!-- index.php -->\n<div\n\tclass=\"ngg-galleryoverview ngg-ajax-pagination-none\"\n\tid=\"ngg-gallery-80497a4ba4d826e6e8e48f525cbd5250-1\">\n\n    \t\t<!-- Thumbnails -->\n\t\t\t\t<div id=\"ngg-image-0\" class=\"ngg-gallery-thumbnail-box\" >\n\t\t\t\t        <div class=\"ngg-gallery-thumbnail\">\n            <a href=\"https:\/\/www.penzionrotunda.sk\/wp-content\/gallery\/ca\/ca01.jpg\"\n               title=\"\"\n               data-src=\"https:\/\/www.penzionrotunda.sk\/wp-content\/gallery\/ca\/ca01.jpg\"\n               data-thumbnail=\"https:\/\/www.penzionrotunda.sk\/wp-content\/gallery\/ca\/thumbs\/thumbs_ca01.jpg\"\n               data-image-id=\"76\"\n               data-title=\"ca01\"\n               data-description=\"\"\n               data-image-slug=\"ca01\"\n               class='use_imagebrowser_effect' data-imagebrowser-url='https:\/\/www.penzionrotunda.sk\/index.php\/nggallery\/image\/%STUB%?page_id=139'>\n                <img\n                    title=\"ca01\"\n                    alt=\"ca01\"\n                    src=\"https:\/\/www.penzionrotunda.sk\/wp-content\/gallery\/ca\/thumbs\/thumbs_ca01.jpg\"\n                    width=\"200\"\n                    height=\"100\"\n                    style=\"max-width:100%;\"\n                \/>\n            <\/a>\n        <\/div>\n\t\t\t\t\t\t\t<\/div> \n\t\t\t\n        \n\t\t\t\t<div id=\"ngg-image-1\" class=\"ngg-gallery-thumbnail-box\" >\n\t\t\t\t        <div class=\"ngg-gallery-thumbnail\">\n            <a href=\"https:\/\/www.penzionrotunda.sk\/wp-content\/gallery\/ca\/ca02.jpg\"\n               title=\"\"\n               data-src=\"https:\/\/www.penzionrotunda.sk\/wp-content\/gallery\/ca\/ca02.jpg\"\n               data-thumbnail=\"https:\/\/www.penzionrotunda.sk\/wp-content\/gallery\/ca\/thumbs\/thumbs_ca02.jpg\"\n               data-image-id=\"77\"\n               data-title=\"ca02\"\n               data-description=\"\"\n               data-image-slug=\"ca02\"\n               class='use_imagebrowser_effect' data-imagebrowser-url='https:\/\/www.penzionrotunda.sk\/index.php\/nggallery\/image\/%STUB%?page_id=139'>\n                <img\n                    title=\"ca02\"\n                    alt=\"ca02\"\n                    src=\"https:\/\/www.penzionrotunda.sk\/wp-content\/gallery\/ca\/thumbs\/thumbs_ca02.jpg\"\n                    width=\"200\"\n                    height=\"100\"\n                    style=\"max-width:100%;\"\n                \/>\n            <\/a>\n        <\/div>\n\t\t\t\t\t\t\t<\/div> \n\t\t\t\n        \n\t\t\t\t<div id=\"ngg-image-2\" class=\"ngg-gallery-thumbnail-box\" >\n\t\t\t\t        <div class=\"ngg-gallery-thumbnail\">\n            <a href=\"https:\/\/www.penzionrotunda.sk\/wp-content\/gallery\/ca\/ca03.jpg\"\n               title=\"\"\n               data-src=\"https:\/\/www.penzionrotunda.sk\/wp-content\/gallery\/ca\/ca03.jpg\"\n               data-thumbnail=\"https:\/\/www.penzionrotunda.sk\/wp-content\/gallery\/ca\/thumbs\/thumbs_ca03.jpg\"\n               data-image-id=\"78\"\n               data-title=\"ca03\"\n               data-description=\"\"\n               data-image-slug=\"ca03\"\n               class='use_imagebrowser_effect' data-imagebrowser-url='https:\/\/www.penzionrotunda.sk\/index.php\/nggallery\/image\/%STUB%?page_id=139'>\n                <img\n                    title=\"ca03\"\n                    alt=\"ca03\"\n                    src=\"https:\/\/www.penzionrotunda.sk\/wp-content\/gallery\/ca\/thumbs\/thumbs_ca03.jpg\"\n                    width=\"200\"\n                    height=\"100\"\n                    style=\"max-width:100%;\"\n                \/>\n            <\/a>\n        <\/div>\n\t\t\t\t\t\t\t<\/div> \n\t\t\t\n        \n\t\t\t\t<div id=\"ngg-image-3\" class=\"ngg-gallery-thumbnail-box\" >\n\t\t\t\t        <div class=\"ngg-gallery-thumbnail\">\n            <a href=\"https:\/\/www.penzionrotunda.sk\/wp-content\/gallery\/ca\/ca04.jpg\"\n               title=\"\"\n               data-src=\"https:\/\/www.penzionrotunda.sk\/wp-content\/gallery\/ca\/ca04.jpg\"\n               data-thumbnail=\"https:\/\/www.penzionrotunda.sk\/wp-content\/gallery\/ca\/thumbs\/thumbs_ca04.jpg\"\n               data-image-id=\"79\"\n               data-title=\"ca04\"\n               data-description=\"\"\n               data-image-slug=\"ca04\"\n               class='use_imagebrowser_effect' data-imagebrowser-url='https:\/\/www.penzionrotunda.sk\/index.php\/nggallery\/image\/%STUB%?page_id=139'>\n                <img\n                    title=\"ca04\"\n                    alt=\"ca04\"\n                    src=\"https:\/\/www.penzionrotunda.sk\/wp-content\/gallery\/ca\/thumbs\/thumbs_ca04.jpg\"\n                    width=\"200\"\n                    height=\"100\"\n                    style=\"max-width:100%;\"\n                \/>\n            <\/a>\n        <\/div>\n\t\t\t\t\t\t\t<\/div> \n\t\t\t\n        \n\t\t\t\t<div id=\"ngg-image-4\" class=\"ngg-gallery-thumbnail-box\" >\n\t\t\t\t        <div class=\"ngg-gallery-thumbnail\">\n            <a href=\"https:\/\/www.penzionrotunda.sk\/wp-content\/gallery\/ca\/ca05.jpg\"\n               title=\"\"\n               data-src=\"https:\/\/www.penzionrotunda.sk\/wp-content\/gallery\/ca\/ca05.jpg\"\n               data-thumbnail=\"https:\/\/www.penzionrotunda.sk\/wp-content\/gallery\/ca\/thumbs\/thumbs_ca05.jpg\"\n               data-image-id=\"80\"\n               data-title=\"ca05\"\n               data-description=\"\"\n               data-image-slug=\"ca05\"\n               class='use_imagebrowser_effect' data-imagebrowser-url='https:\/\/www.penzionrotunda.sk\/index.php\/nggallery\/image\/%STUB%?page_id=139'>\n                <img\n                    title=\"ca05\"\n                    alt=\"ca05\"\n                    src=\"https:\/\/www.penzionrotunda.sk\/wp-content\/gallery\/ca\/thumbs\/thumbs_ca05.jpg\"\n                    width=\"200\"\n                    height=\"100\"\n                    style=\"max-width:100%;\"\n                \/>\n            <\/a>\n        <\/div>\n\t\t\t\t\t\t\t<\/div> \n\t\t\t\n        \n\t\t\t\t<div id=\"ngg-image-5\" class=\"ngg-gallery-thumbnail-box\" >\n\t\t\t\t        <div class=\"ngg-gallery-thumbnail\">\n            <a href=\"https:\/\/www.penzionrotunda.sk\/wp-content\/gallery\/ca\/ca06.jpg\"\n               title=\"\"\n               data-src=\"https:\/\/www.penzionrotunda.sk\/wp-content\/gallery\/ca\/ca06.jpg\"\n               data-thumbnail=\"https:\/\/www.penzionrotunda.sk\/wp-content\/gallery\/ca\/thumbs\/thumbs_ca06.jpg\"\n               data-image-id=\"81\"\n               data-title=\"ca06\"\n               data-description=\"\"\n               data-image-slug=\"ca06\"\n               class='use_imagebrowser_effect' data-imagebrowser-url='https:\/\/www.penzionrotunda.sk\/index.php\/nggallery\/image\/%STUB%?page_id=139'>\n                <img\n                    title=\"ca06\"\n                    alt=\"ca06\"\n                    src=\"https:\/\/www.penzionrotunda.sk\/wp-content\/gallery\/ca\/thumbs\/thumbs_ca06.jpg\"\n                    width=\"200\"\n                    height=\"100\"\n                    style=\"max-width:100%;\"\n                \/>\n            <\/a>\n        <\/div>\n\t\t\t\t\t\t\t<\/div> \n\t\t\t\n        \n\t\t\t\t<div id=\"ngg-image-6\" class=\"ngg-gallery-thumbnail-box\" >\n\t\t\t\t        <div class=\"ngg-gallery-thumbnail\">\n            <a href=\"https:\/\/www.penzionrotunda.sk\/wp-content\/gallery\/ca\/ca07.jpg\"\n               title=\"\"\n               data-src=\"https:\/\/www.penzionrotunda.sk\/wp-content\/gallery\/ca\/ca07.jpg\"\n               data-thumbnail=\"https:\/\/www.penzionrotunda.sk\/wp-content\/gallery\/ca\/thumbs\/thumbs_ca07.jpg\"\n               data-image-id=\"82\"\n               data-title=\"ca07\"\n               data-description=\"\"\n               data-image-slug=\"ca07\"\n               class='use_imagebrowser_effect' data-imagebrowser-url='https:\/\/www.penzionrotunda.sk\/index.php\/nggallery\/image\/%STUB%?page_id=139'>\n                <img\n                    title=\"ca07\"\n                    alt=\"ca07\"\n                    src=\"https:\/\/www.penzionrotunda.sk\/wp-content\/gallery\/ca\/thumbs\/thumbs_ca07.jpg\"\n                    width=\"200\"\n                    height=\"100\"\n                    style=\"max-width:100%;\"\n                \/>\n            <\/a>\n        <\/div>\n\t\t\t\t\t\t\t<\/div> \n\t\t\t\n        \n\t\t\t\t<div id=\"ngg-image-7\" class=\"ngg-gallery-thumbnail-box\" >\n\t\t\t\t        <div class=\"ngg-gallery-thumbnail\">\n            <a href=\"https:\/\/www.penzionrotunda.sk\/wp-content\/gallery\/ca\/ca08.jpg\"\n               title=\"\"\n               data-src=\"https:\/\/www.penzionrotunda.sk\/wp-content\/gallery\/ca\/ca08.jpg\"\n               data-thumbnail=\"https:\/\/www.penzionrotunda.sk\/wp-content\/gallery\/ca\/thumbs\/thumbs_ca08.jpg\"\n               data-image-id=\"83\"\n               data-title=\"ca08\"\n               data-description=\"\"\n               data-image-slug=\"ca08\"\n               class='use_imagebrowser_effect' data-imagebrowser-url='https:\/\/www.penzionrotunda.sk\/index.php\/nggallery\/image\/%STUB%?page_id=139'>\n                <img\n                    title=\"ca08\"\n                    alt=\"ca08\"\n                    src=\"https:\/\/www.penzionrotunda.sk\/wp-content\/gallery\/ca\/thumbs\/thumbs_ca08.jpg\"\n                    width=\"200\"\n                    height=\"100\"\n                    style=\"max-width:100%;\"\n                \/>\n            <\/a>\n        <\/div>\n\t\t\t\t\t\t\t<\/div> \n\t\t\t\n        \n\t\t\t\t<div id=\"ngg-image-8\" class=\"ngg-gallery-thumbnail-box\" >\n\t\t\t\t        <div class=\"ngg-gallery-thumbnail\">\n            <a href=\"https:\/\/www.penzionrotunda.sk\/wp-content\/gallery\/ca\/ca09.jpg\"\n               title=\"\"\n               data-src=\"https:\/\/www.penzionrotunda.sk\/wp-content\/gallery\/ca\/ca09.jpg\"\n               data-thumbnail=\"https:\/\/www.penzionrotunda.sk\/wp-content\/gallery\/ca\/thumbs\/thumbs_ca09.jpg\"\n               data-image-id=\"84\"\n               data-title=\"ca09\"\n               data-description=\"\"\n               data-image-slug=\"ca09\"\n               class='use_imagebrowser_effect' data-imagebrowser-url='https:\/\/www.penzionrotunda.sk\/index.php\/nggallery\/image\/%STUB%?page_id=139'>\n                <img\n                    title=\"ca09\"\n                    alt=\"ca09\"\n                    src=\"https:\/\/www.penzionrotunda.sk\/wp-content\/gallery\/ca\/thumbs\/thumbs_ca09.jpg\"\n                    width=\"200\"\n                    height=\"100\"\n                    style=\"max-width:100%;\"\n                \/>\n            <\/a>\n        <\/div>\n\t\t\t\t\t\t\t<\/div> \n\t\t\t\n        \n\t\t\t\t<div id=\"ngg-image-9\" class=\"ngg-gallery-thumbnail-box\" >\n\t\t\t\t        <div class=\"ngg-gallery-thumbnail\">\n            <a href=\"https:\/\/www.penzionrotunda.sk\/wp-content\/gallery\/ca\/ca10.jpg\"\n               title=\"\"\n               data-src=\"https:\/\/www.penzionrotunda.sk\/wp-content\/gallery\/ca\/ca10.jpg\"\n               data-thumbnail=\"https:\/\/www.penzionrotunda.sk\/wp-content\/gallery\/ca\/thumbs\/thumbs_ca10.jpg\"\n               data-image-id=\"85\"\n               data-title=\"ca10\"\n               data-description=\"\"\n               data-image-slug=\"ca10\"\n               class='use_imagebrowser_effect' data-imagebrowser-url='https:\/\/www.penzionrotunda.sk\/index.php\/nggallery\/image\/%STUB%?page_id=139'>\n                <img\n                    title=\"ca10\"\n                    alt=\"ca10\"\n                    src=\"https:\/\/www.penzionrotunda.sk\/wp-content\/gallery\/ca\/thumbs\/thumbs_ca10.jpg\"\n                    width=\"200\"\n                    height=\"100\"\n                    style=\"max-width:100%;\"\n                \/>\n            <\/a>\n        <\/div>\n\t\t\t\t\t\t\t<\/div> \n\t\t\t\n        \n\t\t\t\t<div id=\"ngg-image-10\" class=\"ngg-gallery-thumbnail-box\" >\n\t\t\t\t        <div class=\"ngg-gallery-thumbnail\">\n            <a href=\"https:\/\/www.penzionrotunda.sk\/wp-content\/gallery\/ca\/ca11.jpg\"\n               title=\"\"\n               data-src=\"https:\/\/www.penzionrotunda.sk\/wp-content\/gallery\/ca\/ca11.jpg\"\n               data-thumbnail=\"https:\/\/www.penzionrotunda.sk\/wp-content\/gallery\/ca\/thumbs\/thumbs_ca11.jpg\"\n               data-image-id=\"86\"\n               data-title=\"ca11\"\n               data-description=\"\"\n               data-image-slug=\"ca11\"\n               class='use_imagebrowser_effect' data-imagebrowser-url='https:\/\/www.penzionrotunda.sk\/index.php\/nggallery\/image\/%STUB%?page_id=139'>\n                <img\n                    title=\"ca11\"\n                    alt=\"ca11\"\n                    src=\"https:\/\/www.penzionrotunda.sk\/wp-content\/gallery\/ca\/thumbs\/thumbs_ca11.jpg\"\n                    width=\"200\"\n                    height=\"100\"\n                    style=\"max-width:100%;\"\n                \/>\n            <\/a>\n        <\/div>\n\t\t\t\t\t\t\t<\/div> \n\t\t\t\n        \n\t\t\t\t<div id=\"ngg-image-11\" class=\"ngg-gallery-thumbnail-box\" >\n\t\t\t\t        <div class=\"ngg-gallery-thumbnail\">\n            <a href=\"https:\/\/www.penzionrotunda.sk\/wp-content\/gallery\/ca\/ca12.jpg\"\n               title=\"\"\n               data-src=\"https:\/\/www.penzionrotunda.sk\/wp-content\/gallery\/ca\/ca12.jpg\"\n               data-thumbnail=\"https:\/\/www.penzionrotunda.sk\/wp-content\/gallery\/ca\/thumbs\/thumbs_ca12.jpg\"\n               data-image-id=\"87\"\n               data-title=\"ca12\"\n               data-description=\"\"\n               data-image-slug=\"ca12\"\n               class='use_imagebrowser_effect' data-imagebrowser-url='https:\/\/www.penzionrotunda.sk\/index.php\/nggallery\/image\/%STUB%?page_id=139'>\n                <img\n                    title=\"ca12\"\n                    alt=\"ca12\"\n                    src=\"https:\/\/www.penzionrotunda.sk\/wp-content\/gallery\/ca\/thumbs\/thumbs_ca12.jpg\"\n                    width=\"200\"\n                    height=\"100\"\n                    style=\"max-width:100%;\"\n                \/>\n            <\/a>\n        <\/div>\n\t\t\t\t\t\t\t<\/div> \n\t\t\t\n        \n\t\t\t\t<div id=\"ngg-image-12\" class=\"ngg-gallery-thumbnail-box\" >\n\t\t\t\t        <div class=\"ngg-gallery-thumbnail\">\n            <a href=\"https:\/\/www.penzionrotunda.sk\/wp-content\/gallery\/ca\/ca13.jpg\"\n               title=\"\"\n               data-src=\"https:\/\/www.penzionrotunda.sk\/wp-content\/gallery\/ca\/ca13.jpg\"\n               data-thumbnail=\"https:\/\/www.penzionrotunda.sk\/wp-content\/gallery\/ca\/thumbs\/thumbs_ca13.jpg\"\n               data-image-id=\"88\"\n               data-title=\"ca13\"\n               data-description=\"\"\n               data-image-slug=\"ca13\"\n               class='use_imagebrowser_effect' data-imagebrowser-url='https:\/\/www.penzionrotunda.sk\/index.php\/nggallery\/image\/%STUB%?page_id=139'>\n                <img\n                    title=\"ca13\"\n                    alt=\"ca13\"\n                    src=\"https:\/\/www.penzionrotunda.sk\/wp-content\/gallery\/ca\/thumbs\/thumbs_ca13.jpg\"\n                    width=\"200\"\n                    height=\"100\"\n                    style=\"max-width:100%;\"\n                \/>\n            <\/a>\n        <\/div>\n\t\t\t\t\t\t\t<\/div> \n\t\t\t\n        \n\t\t\t\t<div id=\"ngg-image-13\" class=\"ngg-gallery-thumbnail-box\" >\n\t\t\t\t        <div class=\"ngg-gallery-thumbnail\">\n            <a href=\"https:\/\/www.penzionrotunda.sk\/wp-content\/gallery\/ca\/ca14.jpg\"\n               title=\"\"\n               data-src=\"https:\/\/www.penzionrotunda.sk\/wp-content\/gallery\/ca\/ca14.jpg\"\n               data-thumbnail=\"https:\/\/www.penzionrotunda.sk\/wp-content\/gallery\/ca\/thumbs\/thumbs_ca14.jpg\"\n               data-image-id=\"89\"\n               data-title=\"ca14\"\n               data-description=\"\"\n               data-image-slug=\"ca14\"\n               class='use_imagebrowser_effect' data-imagebrowser-url='https:\/\/www.penzionrotunda.sk\/index.php\/nggallery\/image\/%STUB%?page_id=139'>\n                <img\n                    title=\"ca14\"\n                    alt=\"ca14\"\n                    src=\"https:\/\/www.penzionrotunda.sk\/wp-content\/gallery\/ca\/thumbs\/thumbs_ca14.jpg\"\n                    width=\"200\"\n                    height=\"100\"\n                    style=\"max-width:100%;\"\n                \/>\n            <\/a>\n        <\/div>\n\t\t\t\t\t\t\t<\/div> \n\t\t\t\n        \n\t\t\n\t\t<div class=\"ngg-clear\"><\/div>\n\t<\/div>\n<\/p>\n<p style=\"text-align: left;\">ve\u013ekos\u0165 45 m<sup>2<\/sup>, 3 miestnosti, 2 st\u00e1le l\u00f4\u017eka, 1x pr\u00edstelka (plnohodnotn\u00e9 l\u00f4\u017eko), mo\u017enos\u0165 1x pr\u00edstelka (prenosn\u00e9 l\u00f4\u017eko); ob\u00fdvacia miestnos\u0165\u00a0 ( 2x v\u00e1\u013eanda, TV, k\u00e1blov\u00e1 TV pr\u00edpojka, gau\u010dov\u00e9 sedenie, \u00falo\u017en\u00e9 priestory, 2x skri\u0148a);\u00a0 denn\u00e1 miestnos\u0165\u00a0 (1x pr\u00edstelka \/plnohodnotn\u00e9 l\u00f4\u017eko\/,jed\u00e1lensk\u00e9 sedenie, kompletne vybaven\u00e1 kuchynsk\u00e1 linka, chladni\u010dka, r\u00fdchlovarn\u00e1 kanvica); k\u00fape\u013e\u0148a (WC, um\u00fdvadlo, sprcha)<\/p>\n","protected":false},"excerpt":{"rendered":"<p>\u00a0 ve\u013ekos\u0165 45 m2, 3 miestnosti, 2 st\u00e1le l\u00f4\u017eka, 1x pr\u00edstelka (plnohodnotn\u00e9 l\u00f4\u017eko), mo\u017enos\u0165 1x pr\u00edstelka (prenosn\u00e9 l\u00f4\u017eko); ob\u00fdvacia miestnos\u0165\u00a0 ( 2x v\u00e1\u013eanda, TV, k\u00e1blov\u00e1 TV pr\u00edpojka, gau\u010dov\u00e9 sedenie, \u00falo\u017en\u00e9 priestory, 2x skri\u0148a);\u00a0 denn\u00e1 miestnos\u0165\u00a0 (1x pr\u00edstelka \/plnohodnotn\u00e9 l\u00f4\u017eko\/,jed\u00e1lensk\u00e9 sedenie, kompletne vybaven\u00e1 kuchynsk\u00e1 linka, chladni\u010dka, r\u00fdchlovarn\u00e1 kanvica); k\u00fape\u013e\u0148a (WC, um\u00fdvadlo, sprcha)<\/p>\n","protected":false},"author":1,"featured_media":0,"parent":13,"menu_order":4,"comment_status":"closed","ping_status":"closed","template":"","meta":{"ngg_post_thumbnail":0},"_links":{"self":[{"href":"https:\/\/www.penzionrotunda.sk\/index.php?rest_route=\/wp\/v2\/pages\/139"}],"collection":[{"href":"https:\/\/www.penzionrotunda.sk\/index.php?rest_route=\/wp\/v2\/pages"}],"about":[{"href":"https:\/\/www.penzionrotunda.sk\/index.php?rest_route=\/wp\/v2\/types\/page"}],"author":[{"embeddable":true,"href":"https:\/\/www.penzionrotunda.sk\/index.php?rest_route=\/wp\/v2\/users\/1"}],"replies":[{"embeddable":true,"href":"https:\/\/www.penzionrotunda.sk\/index.php?rest_route=%2Fwp%2Fv2%2Fcomments&post=139"}],"version-history":[{"count":37,"href":"https:\/\/www.penzionrotunda.sk\/index.php?rest_route=\/wp\/v2\/pages\/139\/revisions"}],"predecessor-version":[{"id":1118,"href":"https:\/\/www.penzionrotunda.sk\/index.php?rest_route=\/wp\/v2\/pages\/139\/revisions\/1118"}],"up":[{"embeddable":true,"href":"https:\/\/www.penzionrotunda.sk\/index.php?rest_route=\/wp\/v2\/pages\/13"}],"wp:attachment":[{"href":"https:\/\/www.penzionrotunda.sk\/index.php?rest_route=%2Fwp%2Fv2%2Fmedia&parent=139"}],"curies":[{"name":"wp","href":"https:\/\/api.w.org\/{rel}","templated":true}]}}